{"id":17,"date":"2025-09-21T15:09:12","date_gmt":"2025-09-21T13:09:12","guid":{"rendered":"https:\/\/cryos.dev.diessemagicbox.online\/?page_id=17"},"modified":"2026-04-24T11:34:07","modified_gmt":"2026-04-24T09:34:07","slug":"safeguarding","status":"publish","type":"page","link":"https:\/\/cryos.web.dev.crypteia.it\/index.php\/chi-siamo\/safeguarding\/","title":{"rendered":"Safeguarding"},"content":{"rendered":"<style>.elementor-widget-container .eael-protected-content-message{font-family:var( --e-global-typography-secondary-font-family ), Sans-serif;font-weight:var( --e-global-typography-secondary-font-weight );}.elementor-widget-container .protected-content-error-msg{font-family:var( --e-global-typography-secondary-font-family ), Sans-serif;font-weight:var( --e-global-typography-secondary-font-weight );}.elementor-17 .elementor-element.elementor-element-530d074{--display:flex;}.elementor-widget-image .widget-image-caption{font-family:var( --e-global-typography-text-font-family ), Sans-serif;font-weight:var( --e-global-typography-text-font-weight );}.elementor-widget-image .eael-protected-content-message{font-family:var( --e-global-typography-secondary-font-family ), Sans-serif;font-weight:var( --e-global-typography-secondary-font-weight );}.elementor-widget-image .protected-content-error-msg{font-family:var( --e-global-typography-secondary-font-family ), Sans-serif;font-weight:var( --e-global-typography-secondary-font-weight );}.elementor-17 .elementor-element.elementor-element-aa355f3 img{width:14%;}.elementor-17 .elementor-element.elementor-element-aa355f3{width:var( --container-widget-width, 101.481% );max-width:101.481%;--container-widget-width:101.481%;--container-widget-flex-grow:0;}.elementor-17 .elementor-element.elementor-element-aa355f3.elementor-element{--flex-grow:0;--flex-shrink:0;}.elementor-17 .elementor-element.elementor-element-63f9e22{--display:flex;}.elementor-widget-text-editor{font-family:var( --e-global-typography-text-font-family ), Sans-serif;font-weight:var( --e-global-typography-text-font-weight );}.elementor-widget-text-editor .eael-protected-content-message{font-family:var( --e-global-typography-secondary-font-family ), Sans-serif;font-weight:var( --e-global-typography-secondary-font-weight );}.elementor-widget-text-editor .protected-content-error-msg{font-family:var( --e-global-typography-secondary-font-family ), Sans-serif;font-weight:var( --e-global-typography-secondary-font-weight );}.elementor-17 .elementor-element.elementor-element-5e4ec37{text-align:center;}.elementor-17 .elementor-element.elementor-element-c1e6139{--display:flex;}.elementor-17 .elementor-element.elementor-element-af82bc2{text-align:center;}:root{--page-title-display:none;}<\/style>\t\t<div data-elementor-type=\"wp-page\" data-elementor-id=\"17\" class=\"elementor elementor-17\" data-elementor-settings=\"{&quot;profecient_custom_cursor_toggle&quot;:false}\" data-elementor-post-type=\"page\">\n\t\t\t\t<div data-particle_enable=\"false\" data-particle-mobile-disabled=\"false\" class=\"elementor-element elementor-element-530d074 e-flex e-con-boxed e-con e-parent\" data-id=\"530d074\" data-element_type=\"container\" data-e-type=\"container\" data-settings=\"{&quot;profecient_background_motion_effects_toggle&quot;:0,&quot;profecient_custom_cursor_toggle&quot;:false,&quot;profecient_parallax_effects_toggle&quot;:0,&quot;profecient_mouse_effects_toggle&quot;:0}\">\n\t\t\t\t\t<div class=\"e-con-inner\">\n\t\t\t\t<div class=\"elementor-element elementor-element-aa355f3 elementor-widget__width-initial elementor-widget elementor-widget-image\" data-id=\"aa355f3\" data-element_type=\"widget\" data-e-type=\"widget\" data-widget_type=\"image.default\">\n\t\t\t\t\t\t\t\t\t\t\t\t\t\t\t<img fetchpriority=\"high\" decoding=\"async\" width=\"250\" height=\"292\" src=\"https:\/\/cryos.web.dev.crypteia.it\/wp-content\/uploads\/2025\/09\/cropped-GIOVANICRYOS2-SSDARL-LOGO.webp\" class=\"attachment-large size-large wp-image-42\" alt=\"\" \/>\t\t\t\t\t\t\t\t\t\t\t\t\t\t\t<\/div>\n\t\t\t\t\t<\/div>\n\t\t\t\t<\/div>\n\t\t<div data-particle_enable=\"false\" data-particle-mobile-disabled=\"false\" class=\"elementor-element elementor-element-63f9e22 e-flex e-con-boxed e-con e-parent\" data-id=\"63f9e22\" data-element_type=\"container\" data-e-type=\"container\" data-settings=\"{&quot;profecient_background_motion_effects_toggle&quot;:0,&quot;profecient_custom_cursor_toggle&quot;:false,&quot;profecient_parallax_effects_toggle&quot;:0,&quot;profecient_mouse_effects_toggle&quot;:0}\">\n\t\t\t\t\t<div class=\"e-con-inner\">\n\t\t\t\t<div class=\"elementor-element elementor-element-5e4ec37 elementor-widget elementor-widget-text-editor\" data-id=\"5e4ec37\" data-element_type=\"widget\" data-e-type=\"widget\" data-widget_type=\"text-editor.default\">\n\t\t\t\t\t\t\t\t\t<p>Con il Comunicato Ufficiale 87\/A del 31 agosto 2023, la FIGC ha previsto l\u2019adozione di misure che promuovano una cultura e un ambiente inclusivi che assicurino la dignit\u00e0 e il rispetto dei diritti di tutti i tesserati, in particolare minori, e garantiscano l\u2019uguaglianza e l\u2019equit\u00e0, nonch\u00e9 valorizzino le diversit\u00e0.<\/p><p>In un\u2019ottica di massimo rispetto dei valori cui da sempre si ispira la nostra attivit\u00e0, e nel rispetto del Comunicato sopra citato, al fine di prevenire e contrastare fenomeni di abuso, violenza e discriminazione, Giovani Cryos S.S.D.A.R.L. ha provveduto a:<\/p><p>adottare la Politica Safeguarding per la salvaguardia dei tesserati contro condotte di abuso, violenza e discriminazione. La Politica Safeguarding \u00e8 allegata al modello di organizzazione, gestione e controllo adottato dalla Giovani Cryos ai sensi del D. Lgs. 8 giugno 2001 n. 231, nonch\u00e9 ai sensi dell\u2019art. 7, comma 5, dello Statuto della FIGC (il \u201c<b>Modello<\/b>\u201c);<br \/>nominati, attraverso la nomina qui disponibile, come Responsabili contro abusi, violenze e discriminazioni (\u201c<b>Responsabile Safeguarding<\/b>\u201c), il Sig. Gallotta Cosimo e il Sig. Saccomanni Michele, i quali possono essere contattati al seguente indirizzo e-mail dedicato:<\/p><p><b>safeguarding@giovanicryos.it<\/b>.<\/p>\t\t\t\t\t\t\t\t<\/div>\n\t\t\t\t\t<\/div>\n\t\t\t\t<\/div>\n\t\t<div data-particle_enable=\"false\" data-particle-mobile-disabled=\"false\" class=\"elementor-element elementor-element-c1e6139 e-flex e-con-boxed e-con e-parent\" data-id=\"c1e6139\" data-element_type=\"container\" data-e-type=\"container\" data-settings=\"{&quot;profecient_background_motion_effects_toggle&quot;:0,&quot;profecient_custom_cursor_toggle&quot;:false,&quot;profecient_parallax_effects_toggle&quot;:0,&quot;profecient_mouse_effects_toggle&quot;:0}\">\n\t\t\t\t\t<div class=\"e-con-inner\">\n\t\t\t\t<div class=\"elementor-element elementor-element-af82bc2 elementor-widget elementor-widget-text-editor\" data-id=\"af82bc2\" data-element_type=\"widget\" data-e-type=\"widget\" data-widget_type=\"text-editor.default\">\n\t\t\t\t\t\t\t\t\t<p>Ai sensi della Politica Safeguarding, le segnalazioni possono essere effettuate al\/ai Responsabile\/i Safeguarding tramite i seguenti canali:<\/p><p>\u2013 all\u2019indirizzo di posta elettronica: safeguarding@giovanicryos.it;<br \/>\u2013 mediante richiesta di incontro diretto con il\/i Responsabile\/i Safeguarding.<\/p>\t\t\t\t\t\t\t\t<\/div>\n\t\t\t\t\t<\/div>\n\t\t\t\t<\/div>\n\t\t\t\t<\/div>\n\t\t","protected":false},"excerpt":{"rendered":"<p>Con il Comunicato Ufficiale 87\/A del 31 agosto 2023, la FIGC ha previsto l\u2019adozione di misure che promuovano una cultura e un ambiente inclusivi che assicurino la dignit\u00e0 e il rispetto dei diritti di tutti i tesserati, in particolare minori, e garantiscano l\u2019uguaglianza e l\u2019equit\u00e0, nonch\u00e9 valorizzino le diversit\u00e0. In un\u2019ottica di massimo rispetto dei [&hellip;]<\/p>\n","protected":false},"author":2,"featured_media":0,"parent":11,"menu_order":0,"comment_status":"closed","ping_status":"closed","template":"","meta":{"footnotes":""},"class_list":["post-17","page","type-page","status-publish","hentry"],"_links":{"self":[{"href":"https:\/\/cryos.web.dev.crypteia.it\/index.php\/wp-json\/wp\/v2\/pages\/17","targetHints":{"allow":["GET"]}}],"collection":[{"href":"https:\/\/cryos.web.dev.crypteia.it\/index.php\/wp-json\/wp\/v2\/pages"}],"about":[{"href":"https:\/\/cryos.web.dev.crypteia.it\/index.php\/wp-json\/wp\/v2\/types\/page"}],"author":[{"embeddable":true,"href":"https:\/\/cryos.web.dev.crypteia.it\/index.php\/wp-json\/wp\/v2\/users\/2"}],"replies":[{"embeddable":true,"href":"https:\/\/cryos.web.dev.crypteia.it\/index.php\/wp-json\/wp\/v2\/comments?post=17"}],"version-history":[{"count":7,"href":"https:\/\/cryos.web.dev.crypteia.it\/index.php\/wp-json\/wp\/v2\/pages\/17\/revisions"}],"predecessor-version":[{"id":4860,"href":"https:\/\/cryos.web.dev.crypteia.it\/index.php\/wp-json\/wp\/v2\/pages\/17\/revisions\/4860"}],"up":[{"embeddable":true,"href":"https:\/\/cryos.web.dev.crypteia.it\/index.php\/wp-json\/wp\/v2\/pages\/11"}],"wp:attachment":[{"href":"https:\/\/cryos.web.dev.crypteia.it\/index.php\/wp-json\/wp\/v2\/media?parent=17"}],"curies":[{"name":"wp","href":"https:\/\/api.w.org\/{rel}","templated":true}]}}